{"id":5690,"date":"2023-01-17T14:07:53","date_gmt":"2023-01-17T19:07:53","guid":{"rendered":"https:\/\/avabello.com\/reparacion-del-lobulo-de-la-oreja\/"},"modified":"2026-01-27T07:47:49","modified_gmt":"2026-01-27T12:47:49","slug":"reparacion-del-lobulo-de-la-oreja","status":"publish","type":"page","link":"https:\/\/avabello.com\/es\/procedimientos-faciales\/procedimientos-de-orejas\/reparacion-del-lobulo-de-la-oreja\/","title":{"rendered":"Reparaci\u00f3n del l\u00f3bulo de la oreja"},"content":{"rendered":"\n<h2 class=\"wp-block-heading\">Restaure la belleza natural del l\u00f3bulo de la oreja mediante una reconstrucci\u00f3n experta<\/h2>\n\n<p>Recupere el aspecto natural de sus l\u00f3bulos de las orejas con una cirug\u00eda de reparaci\u00f3n de l\u00f3bulos de las orejas realizada por expertos en Avabello Aesthetics en Miami Beach. Bajo el cuidado experto del cirujano pl\u00e1stico certificado por la doble junta, el Dr. Benjamin Eskenazi, este <a href=\"https:\/\/avabello.com\/ear-procedures\/\">procedimiento transformador<\/a> aborda los l\u00f3bulos de las orejas rasgados, estirados o da\u00f1ados con precisi\u00f3n y arte. La reparaci\u00f3n del l\u00f3bulo de la oreja se est\u00e1 convirtiendo r\u00e1pidamente en uno de los procedimientos m\u00e1s solicitados en los Estados Unidos, con cada vez m\u00e1s personas que buscan la restauraci\u00f3n profesional de sus l\u00f3bulos de las orejas por da\u00f1os causados por aretes pesados, dilataciones o traumatismos accidentales.  <\/p>\n\n    <div class=\"featured-testimonial-block bg-secondary text-body bg-wcag-white flc-section-padding\" id=\"featured-testimonial-block_379768e0a035f75bd2e4e05764cb7e6b\">\n        <blockquote class=\"mb-0 container text-center blockquote position-relative\">\n            <div class=\"content\">No puedo expresar con palabras lo buena que ha sido mi experiencia con Avabello Aesthetics y el Dr. Eskenazi. Desde la r\u00e1pida respuesta a una consulta de cita, la facilidad de comunicaci\u00f3n, la transparencia sobre los servicios y los precios, mi experiencia con el m\u00e9dico, la magn\u00edfica oficina, las instalaciones limpias y la amable chica de la recepci\u00f3n que me atendi\u00f3 al entrar y al salir, no podr\u00eda haber pedido una experiencia m\u00e1s maravillosa. \u00a1Por no hablar de que mis fabulosos resultados hablan por s\u00ed solos!  \n\nHay un mont\u00f3n de opciones de spas m\u00e9dicos a los que ir, especialmente en Miami, pero para aquellos que saben m\u00e1s, el hecho de que la consulta est\u00e9 estrechamente gestionada y dirigida por un *cirujano pl\u00e1stico certificado* es el est\u00e1ndar de oro. Llevo m\u00e1s de una d\u00e9cada recibiendo tratamientos cosm\u00e9ticos y soy m\u00e9dico, as\u00ed que s\u00e9 demasiado como para confiar en cualquiera para que me ponga agujas en la cara. Conf\u00edo plenamente en el Dr. Eskenazi, y conf\u00edo en los proveedores que trabajan aqu\u00ed porque \u00e9l ha formado personalmente a todos y cada uno de ellos. Se asegura de que todo el mundo en la consulta sepa c\u00f3mo proporcionar tratamientos no solo de forma segura, sino tambi\u00e9n para garantizar unos resultados excelentes.   \n\n\u00a1Quiero decir que es literalmente tu cara! No vayas a cualquier sitio. Vaya a Avabello Aesthetics y ver\u00e1 a qu\u00e9 me refiero.   \ud83d\ude42<\/div>\n                            <footer class=\"blockquote-footer text-tertiary p-0 mt-2 text-capitalize\"><cite class=\"d-inline-block h5 text-dark\">Elaine Boydston<\/cite><\/footer>\n                        <svg class=\"svg-inline--fa fa-quote-right  fa-w-16\" aria-hidden=\"true\" data-prefix=\"fab\" data-icon=\"quote-right\" role=\"img\" xmlns=\"http:\/\/www.w3.org\/2000\/svg\" viewBox=\"0 0 512 512\" data-fa-i2svg=\"\"><path fill=\"currentColor\" d=\"M464 32H336c-26.5 0-48 21.5-48 48v128c0 26.5 21.5 48 48 48h80v64c0 35.3-28.7 64-64 64h-8c-13.3 0-24 10.7-24 24v48c0 13.3 10.7 24 24 24h8c88.4 0 160-71.6 160-160V80c0-26.5-21.5-48-48-48zm-288 0H48C21.5 32 0 53.5 0 80v128c0 26.5 21.5 48 48 48h80v64c0 35.3-28.7 64-64 64h-8c-13.3 0-24 10.7-24 24v48c0 13.3 10.7 24 24 24h8c88.4 0 160-71.6 160-160V80c0-26.5-21.5-48-48-48z\"><\/path><\/svg>        <\/blockquote>\n    <\/div>\n\n<div class=\"wp-block-media-text has-media-on-the-right is-stacked-on-mobile is-vertically-aligned-center\"><div class=\"wp-block-media-text__content\">\n<h2 class=\"wp-block-heading\">La filosof\u00eda de restauraci\u00f3n del l\u00f3bulo de la oreja del Dr. Eskenazi<\/h2>\n\n\n\n<p>El enfoque del Dr. Eskenazi para la reparaci\u00f3n del l\u00f3bulo de la oreja enfatiza la restauraci\u00f3n natural y la preservaci\u00f3n funcional a trav\u00e9s de una t\u00e9cnica quir\u00fargica meticulosa. Su amplia experiencia en reconstrucci\u00f3n facial y su formaci\u00f3n como becario en la Cl\u00ednica Cleveland brindan una experiencia excepcional en la reparaci\u00f3n delicada de tejidos, lo que garantiza resultados que parecen evolucionados de forma natural al tiempo que restauran la anatom\u00eda normal del l\u00f3bulo de la oreja. <\/p>\n\n\n\n<p>\u00abLa reparaci\u00f3n del l\u00f3bulo de la oreja requiere tanto precisi\u00f3n t\u00e9cnica como visi\u00f3n art\u00edstica para lograr resultados de aspecto natural. Ya sea que se trate de desgarros por aretes o de la reconstrucci\u00f3n de l\u00f3bulos de las orejas dilatados, el objetivo es una restauraci\u00f3n que parezca perfecta y que permita usar joyas en el futuro con confianza\u00bb. &#8212; Dr. Benjamin Eskenazi<\/p>\n\n\n\n<h2 class=\"wp-block-heading\">\u00bfQu\u00e9 es la cirug\u00eda de reparaci\u00f3n del l\u00f3bulo de la oreja?<\/h2>\n\n\n\n<p>La cirug\u00eda de reparaci\u00f3n del l\u00f3bulo de la oreja, tambi\u00e9n conocida como lobuloplastia o reconstrucci\u00f3n del l\u00f3bulo de la oreja, es un procedimiento especializado que restaura la apariencia y funci\u00f3n natural de los l\u00f3bulos de las orejas da\u00f1ados. Esta sofisticada t\u00e9cnica aborda varios tipos de da\u00f1o del l\u00f3bulo de la oreja, incluidos los desgarros por aretes pesados, los orificios estirados por dilataciones y las lesiones traum\u00e1ticas que requieren una reconstrucci\u00f3n cuidadosa. <\/p>\n\n\n\n<p>El procedimiento implica una planificaci\u00f3n y ejecuci\u00f3n quir\u00fargica precisas utilizando t\u00e9cnicas avanzadas que incluyen la realineaci\u00f3n de tejidos, la revisi\u00f3n de cicatrices y m\u00e9todos de cierre cuidadosos. El Dr. Eskenazi utiliza enfoques quir\u00fargicos especializados para lograr resultados de apariencia natural que restauran los contornos normales del l\u00f3bulo de la oreja al tiempo que crean una base para el uso futuro de joyas si se desea. <\/p>\n\n\n\n<h2 class=\"wp-block-heading\">Beneficios principales de la reconstrucci\u00f3n del l\u00f3bulo de la oreja<\/h2>\n\n\n\n<p>Los pacientes eligen la cirug\u00eda de reparaci\u00f3n del l\u00f3bulo de la oreja para abordar diversas preocupaciones que afectan la apariencia y la confianza:<\/p>\n\n\n\n<ul class=\"wp-block-list c7 lst-kix_frgavg7sawtb-0 start\">\n<li><strong>Restauraci\u00f3n de la apariencia natural<\/strong> Recrea los contornos normales del l\u00f3bulo de la oreja eliminando desgarros, estiramientos o deformidades que afectan la est\u00e9tica general de la oreja y la armon\u00eda facial<\/li>\n\n\n\n<li><strong>Opciones de joyer\u00eda mejoradas<\/strong> Permite el uso seguro de aretes nuevamente mediante la creaci\u00f3n de sitios de perforaci\u00f3n reforzados y de tama\u00f1o adecuado que soportan el peso normal de la joyer\u00eda<\/li>\n\n\n\n<li><strong>Mayor confianza en s\u00ed mismo<\/strong> Elimina la verg\u00fcenza por los l\u00f3bulos de las orejas da\u00f1ados, lo que permite a los pacientes usar peinados que exponen las orejas sin timidez<\/li>\n\n\n\n<li><strong>Mejora de la apariencia profesional<\/strong> Crea una apariencia pulida y refinada esencial para el avance profesional en entornos profesionales que requieren una apariencia conservadora<\/li>\n\n\n\n<li><strong>Soluci\u00f3n est\u00e9tica permanente<\/strong> Proporciona una correcci\u00f3n duradera que elimina la necesidad de ocultar o realizar tratamientos continuos para abordar el da\u00f1o del l\u00f3bulo de la oreja<\/li>\n\n\n\n<li><strong>Requisitos m\u00ednimos de recuperaci\u00f3n<\/strong> Ofrece una curaci\u00f3n r\u00e1pida con un retorno inmediato a las actividades normales, lo que lo hace conveniente para estilos de vida ocupados<\/li>\n<\/ul>\n<\/div><figure class=\"wp-block-media-text__media\"><img loading=\"lazy\" decoding=\"async\" width=\"960\" height=\"960\" src=\"https:\/\/avabello.com\/wp-content\/uploads\/2025\/08\/bigstock-Portrait-of-natural-beautiful-289858516-medium.jpg\" alt=\"Retrato de una chica hermosa y natural sonriendo y mirando a la c\u00e1mara. Primer plano del rostro de una joven brasile\u00f1a con cabello rizado. Encantadora mujer africana sentada en una cafeter\u00eda.  \" class=\"wp-image-2896 size-full\" srcset=\"https:\/\/avabello.com\/wp-content\/uploads\/2025\/08\/bigstock-Portrait-of-natural-beautiful-289858516-medium.jpg 960w, https:\/\/avabello.com\/wp-content\/uploads\/2025\/08\/bigstock-Portrait-of-natural-beautiful-289858516-medium-300x300.jpg 300w, https:\/\/avabello.com\/wp-content\/uploads\/2025\/08\/bigstock-Portrait-of-natural-beautiful-289858516-medium-768x768.jpg 768w, https:\/\/avabello.com\/wp-content\/uploads\/2025\/08\/bigstock-Portrait-of-natural-beautiful-289858516-medium-192x192.jpg 192w, https:\/\/avabello.com\/wp-content\/uploads\/2025\/08\/bigstock-Portrait-of-natural-beautiful-289858516-medium-32x32.jpg 32w\" sizes=\"auto, (max-width: 960px) 100vw, 960px\" \/><\/figure><\/div>\n\n<div class=\"wp-block-media-text is-stacked-on-mobile is-vertically-aligned-center\"><figure class=\"wp-block-media-text__media\"><img loading=\"lazy\" decoding=\"async\" width=\"960\" height=\"960\" src=\"https:\/\/avabello.com\/wp-content\/uploads\/2025\/08\/shutterstock-1696016377-medium.jpg\" alt=\"concepto de audici\u00f3n, personas y belleza: primer plano de una mujer joven que se\u00f1ala con el dedo su oreja sobre un fondo gris\" class=\"wp-image-2897 size-full\" srcset=\"https:\/\/avabello.com\/wp-content\/uploads\/2025\/08\/shutterstock-1696016377-medium.jpg 960w, https:\/\/avabello.com\/wp-content\/uploads\/2025\/08\/shutterstock-1696016377-medium-300x300.jpg 300w, https:\/\/avabello.com\/wp-content\/uploads\/2025\/08\/shutterstock-1696016377-medium-768x768.jpg 768w, https:\/\/avabello.com\/wp-content\/uploads\/2025\/08\/shutterstock-1696016377-medium-192x192.jpg 192w, https:\/\/avabello.com\/wp-content\/uploads\/2025\/08\/shutterstock-1696016377-medium-32x32.jpg 32w\" sizes=\"auto, (max-width: 960px) 100vw, 960px\" \/><\/figure><div class=\"wp-block-media-text__content\">\n<h2 class=\"wp-block-heading\">El enfoque del Dr. Eskenazi para la reparaci\u00f3n del l\u00f3bulo de la oreja rasgado Evaluaci\u00f3n integral de da\u00f1os<\/h2>\n\n\n\n<p>Cada reparaci\u00f3n del l\u00f3bulo de la oreja comienza con la evaluaci\u00f3n detallada del Dr. Eskenazi sobre el alcance del da\u00f1o, la calidad del tejido y los objetivos de restauraci\u00f3n. Su formaci\u00f3n como becario permite una planificaci\u00f3n quir\u00fargica precisa que considera todos los aspectos de la anatom\u00eda del l\u00f3bulo de la oreja y el potencial de curaci\u00f3n. <\/p>\n\n\n\n<h3 class=\"wp-block-heading\">T\u00e9cnicas especializadas de reconstrucci\u00f3n del l\u00f3bulo de la oreja<\/h3>\n\n\n\n<p>El Dr. Eskenazi emplea m\u00e9todos avanzados de reparaci\u00f3n del l\u00f3bulo de la oreja para obtener resultados superiores:<\/p>\n\n\n\n<ul class=\"wp-block-list c7 lst-kix_o1lu96itd1ky-0 start\">\n<li><strong>Cierre sin tensi\u00f3n<\/strong>: utiliza t\u00e9cnicas de sutura en capas que eliminan la tensi\u00f3n en los tejidos en curaci\u00f3n, lo que garantiza una formaci\u00f3n \u00f3ptima de cicatrices y una apariencia natural<\/li>\n\n\n\n<li><strong>Preservaci\u00f3n del tejido:<\/strong> Maximiza la retenci\u00f3n de tejido sano al tiempo que elimina las \u00e1reas da\u00f1adas para mantener el volumen y el contorno natural del l\u00f3bulo de la oreja<\/li>\n\n\n\n<li><strong>Alineaci\u00f3n precisa de los bordes<\/strong>: emplea una t\u00e9cnica quir\u00fargica meticulosa que garantiza una alineaci\u00f3n perfecta de los tejidos para una curaci\u00f3n perfecta y una visibilidad m\u00ednima de las cicatrices<\/li>\n\n\n\n<li><strong>Enfoque personalizado<\/strong>: adapta el m\u00e9todo quir\u00fargico al tipo de da\u00f1o espec\u00edfico, ya sea que se trate de desgarros simples, estiramientos complejos o necesidades de reconstrucci\u00f3n traum\u00e1tica<\/li>\n<\/ul>\n\n\n\n<h2 class=\"wp-block-heading\">Determinaci\u00f3n de su candidatura para la reparaci\u00f3n del l\u00f3bulo de la oreja<\/h2>\n\n\n\n<p>Los candidatos ideales para la cirug\u00eda de reparaci\u00f3n del l\u00f3bulo de la oreja presentan varios tipos de da\u00f1o del l\u00f3bulo de la oreja y mantienen expectativas realistas sobre los resultados de la restauraci\u00f3n. El Dr. Eskenazi eval\u00faa a cada paciente individualmente para garantizar un enfoque quir\u00fargico \u00f3ptimo. <\/p>\n\n\n\n<h3 class=\"wp-block-heading\">Los candidatos excelentes incluyen pacientes con:<\/h3>\n\n\n\n<ul class=\"wp-block-list c7 lst-kix_xek6tkrf85f0-0 start\">\n<li>L\u00f3bulos de las orejas rasgados por aretes pesados o traumatismos accidentales que requieren reparaci\u00f3n quir\u00fargica para restaurar la apariencia y funci\u00f3n normales<\/li>\n\n\n\n<li>Orificios estirados en el l\u00f3bulo de la oreja por dilataciones o joyas de gran tama\u00f1o que necesitan reconstrucci\u00f3n para permitir el uso normal de aretes<\/li>\n\n\n\n<li>Sitios de perforaci\u00f3n alargados por a\u00f1os de joyer\u00eda pesada que causan un estiramiento gradual que afecta la forma del l\u00f3bulo de la oreja y las opciones de joyer\u00eda<\/li>\n\n\n\n<li>Requisitos profesionales para una apariencia refinada que requiere la restauraci\u00f3n del l\u00f3bulo de la oreja para el avance profesional o la confianza personal<\/li>\n<\/ul>\n<\/div><\/div>\n\n<div class=\"bio bg-light flc-section-padding\">\n    <div class=\"container\">\n        <div class=\"row align-items-center\">\n                            <div class=\"col-md-4 mb-4 mb-md-0\">\n                    <img loading=\"lazy\" decoding=\"async\" width=\"1600\" height=\"1128\" src=\"https:\/\/avabello.com\/wp-content\/uploads\/2025\/07\/twm1-license-confirmed.jpg\" class=\"img-fluid\" alt=\"Hombre con un traje azul oscuro con los brazos cruzados, de pie frente a un fondo gris claro liso.\" srcset=\"https:\/\/avabello.com\/wp-content\/uploads\/2025\/07\/twm1-license-confirmed.jpg 1600w, https:\/\/avabello.com\/wp-content\/uploads\/2025\/07\/twm1-license-confirmed-300x212.jpg 300w, https:\/\/avabello.com\/wp-content\/uploads\/2025\/07\/twm1-license-confirmed-1024x722.jpg 1024w, https:\/\/avabello.com\/wp-content\/uploads\/2025\/07\/twm1-license-confirmed-768x541.jpg 768w, https:\/\/avabello.com\/wp-content\/uploads\/2025\/07\/twm1-license-confirmed-1536x1083.jpg 1536w\" sizes=\"auto, (max-width: 1600px) 100vw, 1600px\" \/>                <\/div>\n                        <div class=\"col-md-8 pl-md-5\">\n                                    <h2>\u00bfPor qu\u00e9 elegir al Dr. Eskenazi para la cirug\u00eda pl\u00e1stica del l\u00f3bulo de la oreja?<\/h2>\n                \n                                    <div class=\"about-content content\">\n                        <p><!-- wp:heading {\"level\":3} --><\/p>\n<h3 class=\"wp-block-heading\">Experiencia reconstructiva excepcional<\/h3>\n<p><!-- \/wp:heading --><!-- wp:paragraph -->Los antecedentes del Dr. Eskenazi incluyen m\u00e1s de 10.000 reconstrucciones faciales y formaci\u00f3n como becario en la Cleveland Clinic Foundation, lo que proporciona una experiencia incomparable en la reparaci\u00f3n y reconstrucci\u00f3n delicada de tejidos. Su experiencia con procedimientos faciales complejos garantiza resultados sofisticados con una restauraci\u00f3n de apariencia natural. <\/p>\n<p><!-- \/wp:paragraph --><!-- wp:heading {\"level\":3} --><\/p>\n<h3 class=\"wp-block-heading\">Instalaciones quir\u00fargicas avanzadas y atenci\u00f3n de precisi\u00f3n<\/h3>\n<p><!-- \/wp:heading --><!-- wp:paragraph -->Todos los procedimientos se realizan en nuestras instalaciones quir\u00fargicas totalmente acreditadas que cuentan con equipos de \u00faltima generaci\u00f3n y protocolos de seguridad rigurosos. Las certificaciones de doble junta del Dr. Eskenazi garantizan los m\u00e1s altos est\u00e1ndares de excelencia quir\u00fargica y seguridad del paciente durante todo su proceso de restauraci\u00f3n del l\u00f3bulo de la oreja. <\/p>\n<p><!-- \/wp:paragraph --><!-- wp:heading {\"level\":3} --><\/p>\n<h3 class=\"wp-block-heading\">Excelencia en la experiencia del paciente boutique<\/h3>\n<p><!-- \/wp:heading --><!-- wp:paragraph -->Ubicado en Miami Beach con pacientes exigentes que buscan la restauraci\u00f3n natural del l\u00f3bulo de la oreja, Avabello Aesthetics brinda atenci\u00f3n personalizada con comodidades de lujo que respaldan la curaci\u00f3n y la comodidad \u00f3ptimas durante su experiencia de reparaci\u00f3n del l\u00f3bulo de la oreja.<\/p>\n<!-- \/wp:paragraph -->\n                                            <\/div>\n                            <\/div>\n        <\/div>\n    <\/div>\n<\/div>\n<h2 class=\"wp-block-heading\">Programe su consulta de reparaci\u00f3n del l\u00f3bulo de la oreja en Miami Beach<\/h2>\n\n<p>Experimente la restauraci\u00f3n natural que solo la t\u00e9cnica quir\u00fargica experta puede proporcionar. La combinaci\u00f3n \u00fanica de formaci\u00f3n como becario y amplia experiencia reconstructiva del Dr. Eskenazi garantiza resultados que parecen perfectamente naturales al tiempo que restauran su confianza para usar joyas y peinarse sin preocupaciones. <a href=\"https:\/\/avabello.com\/es\/contacto\/\" class=\"contact_anchor \"><span>P\u00f3ngase en contacto con Avabello Aesthetics hoy mismo<\/span><\/a> para programar su consulta con el Dr. Benjamin Eskenazi. <\/p>\n","protected":false},"excerpt":{"rendered":"<p>Restaure la belleza natural del l\u00f3bulo de la oreja mediante una reconstrucci\u00f3n experta Recupere el aspecto natural de sus l\u00f3bulos de las orejas con una cirug\u00eda de reparaci\u00f3n de l\u00f3bulos de las orejas realizada por expertos en Avabello Aesthetics en Miami Beach. Bajo el cuidado experto del cirujano pl\u00e1stico certificado por la doble junta, el&hellip; <a href=\"https:\/\/avabello.com\/es\/procedimientos-faciales\/procedimientos-de-orejas\/reparacion-del-lobulo-de-la-oreja\/\" class=\"btn btn-outline-primary position-absolute more-link\"> Seguir leyendo <span class=\"sr-only\"> acerca de Reparaci\u00f3n del l\u00f3bulo de la oreja<\/span><\/a><\/p>\n","protected":false},"author":1,"featured_media":5691,"parent":5697,"menu_order":0,"comment_status":"closed","ping_status":"closed","template":"template-fullwidth.php","meta":{"_acf_changed":false,"footnotes":""},"class_list":["post-5690","page","type-page","status-publish","has-post-thumbnail"],"acf":[],"yoast_head":"<!-- This site is optimized with the Yoast SEO plugin v27.3 - https:\/\/yoast.com\/product\/yoast-seo-wordpress\/ -->\n<title>Reparaci\u00f3n del l\u00f3bulo de la oreja en Miami Beach, Florida | Cirug\u00eda de l\u00f3bulo de la oreja rasgado en Aventura | Bal Harbour<\/title>\n<meta name=\"description\" content=\"Cirug\u00eda experta de reparaci\u00f3n del l\u00f3bulo de la oreja por el Dr. Benjamin Eskenazi en Miami Beach. Reconstrucci\u00f3n de l\u00f3bulos de la oreja rasgados y estirados, con resultados naturales en Avabello Aesthetics.\" \/>\n<meta name=\"robots\" content=\"index, follow, max-snippet:-1, max-image-preview:large, max-video-preview:-1\" \/>\n<link rel=\"canonical\" href=\"https:\/\/avabello.com\/es\/procedimientos-faciales\/procedimientos-de-orejas\/reparacion-del-lobulo-de-la-oreja\/\" \/>\n<meta property=\"og:locale\" content=\"es_ES\" \/>\n<meta property=\"og:type\" content=\"article\" \/>\n<meta property=\"og:title\" content=\"Reparaci\u00f3n del l\u00f3bulo de la oreja en Miami Beach, Florida | Cirug\u00eda de l\u00f3bulo de la oreja rasgado en Aventura | Bal Harbour\" \/>\n<meta property=\"og:description\" content=\"Cirug\u00eda experta de reparaci\u00f3n del l\u00f3bulo de la oreja por el Dr. Benjamin Eskenazi en Miami Beach. Reconstrucci\u00f3n de l\u00f3bulos de la oreja rasgados y estirados, con resultados naturales en Avabello Aesthetics.\" \/>\n<meta property=\"og:url\" content=\"https:\/\/avabello.com\/es\/procedimientos-faciales\/procedimientos-de-orejas\/reparacion-del-lobulo-de-la-oreja\/\" \/>\n<meta property=\"og:site_name\" content=\"Avabello Aesthetics\" \/>\n<meta property=\"article:modified_time\" content=\"2026-01-27T12:47:49+00:00\" \/>\n<meta property=\"og:image\" content=\"https:\/\/avabello.com\/wp-content\/uploads\/2025\/08\/shutterstock-1781984348-xxlarge.jpg\" \/><meta property=\"og:image\" content=\"https:\/\/avabello.com\/wp-content\/uploads\/2025\/08\/shutterstock-163324316-xxlarge.jpg\" \/>\n\t<meta property=\"og:image:width\" content=\"1920\" \/>\n\t<meta property=\"og:image:height\" content=\"767\" \/>\n\t<meta property=\"og:image:type\" content=\"image\/jpeg\" \/>\n<meta name=\"twitter:card\" content=\"summary_large_image\" \/>\n<meta name=\"twitter:image\" content=\"https:\/\/avabello.com\/wp-content\/uploads\/2025\/08\/shutterstock-1781984348-xxlarge.jpg\" \/>\n<meta name=\"twitter:label1\" content=\"Tiempo de lectura\" \/>\n\t<meta name=\"twitter:data1\" content=\"6 minutos\" \/>\n<!-- \/ Yoast SEO plugin. -->","yoast_head_json":{"title":"Reparaci\u00f3n del l\u00f3bulo de la oreja en Miami Beach, Florida | Cirug\u00eda de l\u00f3bulo de la oreja rasgado en Aventura | Bal Harbour","description":"Cirug\u00eda experta de reparaci\u00f3n del l\u00f3bulo de la oreja por el Dr. Benjamin Eskenazi en Miami Beach. Reconstrucci\u00f3n de l\u00f3bulos de la oreja rasgados y estirados, con resultados naturales en Avabello Aesthetics.","robots":{"index":"index","follow":"follow","max-snippet":"max-snippet:-1","max-image-preview":"max-image-preview:large","max-video-preview":"max-video-preview:-1"},"canonical":"https:\/\/avabello.com\/es\/procedimientos-faciales\/procedimientos-de-orejas\/reparacion-del-lobulo-de-la-oreja\/","og_locale":"es_ES","og_type":"article","og_title":"Reparaci\u00f3n del l\u00f3bulo de la oreja en Miami Beach, Florida | Cirug\u00eda de l\u00f3bulo de la oreja rasgado en Aventura | Bal Harbour","og_description":"Cirug\u00eda experta de reparaci\u00f3n del l\u00f3bulo de la oreja por el Dr. Benjamin Eskenazi en Miami Beach. Reconstrucci\u00f3n de l\u00f3bulos de la oreja rasgados y estirados, con resultados naturales en Avabello Aesthetics.","og_url":"https:\/\/avabello.com\/es\/procedimientos-faciales\/procedimientos-de-orejas\/reparacion-del-lobulo-de-la-oreja\/","og_site_name":"Avabello Aesthetics","article_modified_time":"2026-01-27T12:47:49+00:00","og_image":[{"url":"https:\/\/avabello.com\/wp-content\/uploads\/2025\/08\/shutterstock-1781984348-xxlarge.jpg","type":"","width":"","height":""},{"width":1920,"height":767,"url":"https:\/\/avabello.com\/wp-content\/uploads\/2025\/08\/shutterstock-163324316-xxlarge.jpg","type":"image\/jpeg"}],"twitter_card":"summary_large_image","twitter_image":"https:\/\/avabello.com\/wp-content\/uploads\/2025\/08\/shutterstock-1781984348-xxlarge.jpg","twitter_misc":{"Tiempo de lectura":"6 minutos"},"schema":{"@context":"https:\/\/schema.org","@graph":[{"@type":"WebPage","@id":"https:\/\/avabello.com\/es\/procedimientos-faciales\/procedimientos-de-orejas\/reparacion-del-lobulo-de-la-oreja\/","url":"https:\/\/avabello.com\/es\/procedimientos-faciales\/procedimientos-de-orejas\/reparacion-del-lobulo-de-la-oreja\/","name":"Reparaci\u00f3n del l\u00f3bulo de la oreja en Miami Beach, Florida | Cirug\u00eda de l\u00f3bulo de la oreja rasgado en Aventura | Bal Harbour","isPartOf":{"@id":"https:\/\/avabello.com\/es\/#website"},"primaryImageOfPage":{"@id":"https:\/\/avabello.com\/es\/procedimientos-faciales\/procedimientos-de-orejas\/reparacion-del-lobulo-de-la-oreja\/#primaryimage"},"image":{"@id":"https:\/\/avabello.com\/es\/procedimientos-faciales\/procedimientos-de-orejas\/reparacion-del-lobulo-de-la-oreja\/#primaryimage"},"thumbnailUrl":"https:\/\/avabello.com\/wp-content\/uploads\/2025\/08\/shutterstock-163324316-xxlarge.jpg","datePublished":"2023-01-17T19:07:53+00:00","dateModified":"2026-01-27T12:47:49+00:00","description":"Cirug\u00eda experta de reparaci\u00f3n del l\u00f3bulo de la oreja por el Dr. Benjamin Eskenazi en Miami Beach. Reconstrucci\u00f3n de l\u00f3bulos de la oreja rasgados y estirados, con resultados naturales en Avabello Aesthetics.","breadcrumb":{"@id":"https:\/\/avabello.com\/es\/procedimientos-faciales\/procedimientos-de-orejas\/reparacion-del-lobulo-de-la-oreja\/#breadcrumb"},"inLanguage":"es","potentialAction":[{"@type":"ReadAction","target":["https:\/\/avabello.com\/es\/procedimientos-faciales\/procedimientos-de-orejas\/reparacion-del-lobulo-de-la-oreja\/"]}]},{"@type":"ImageObject","inLanguage":"es","@id":"https:\/\/avabello.com\/es\/procedimientos-faciales\/procedimientos-de-orejas\/reparacion-del-lobulo-de-la-oreja\/#primaryimage","url":"https:\/\/avabello.com\/wp-content\/uploads\/2025\/08\/shutterstock-163324316-xxlarge.jpg","contentUrl":"https:\/\/avabello.com\/wp-content\/uploads\/2025\/08\/shutterstock-163324316-xxlarge.jpg","width":1920,"height":767,"caption":"primer plano del retrato de una hermosa cara femenina sobre un fondo gris"},{"@type":"BreadcrumbList","@id":"https:\/\/avabello.com\/es\/procedimientos-faciales\/procedimientos-de-orejas\/reparacion-del-lobulo-de-la-oreja\/#breadcrumb","itemListElement":[{"@type":"ListItem","position":1,"name":"Inicio","item":"https:\/\/avabello.com\/es\/"},{"@type":"ListItem","position":2,"name":"Procedimientos faciales","item":"https:\/\/avabello.com\/es\/procedimientos-faciales\/"},{"@type":"ListItem","position":3,"name":"Procedimientos de orejas","item":"https:\/\/avabello.com\/es\/procedimientos-faciales\/procedimientos-de-orejas\/"},{"@type":"ListItem","position":4,"name":"Reparaci\u00f3n del l\u00f3bulo de la oreja"}]},{"@type":"WebSite","@id":"https:\/\/avabello.com\/es\/#website","url":"https:\/\/avabello.com\/es\/","name":"Avabello Aesthetics","description":"","potentialAction":[{"@type":"SearchAction","target":{"@type":"EntryPoint","urlTemplate":"https:\/\/avabello.com\/es\/?s={search_term_string}"},"query-input":{"@type":"PropertyValueSpecification","valueRequired":true,"valueName":"search_term_string"}}],"inLanguage":"es"}]}},"_links":{"self":[{"href":"https:\/\/avabello.com\/es\/wp-json\/wp\/v2\/pages\/5690","targetHints":{"allow":["GET"]}}],"collection":[{"href":"https:\/\/avabello.com\/es\/wp-json\/wp\/v2\/pages"}],"about":[{"href":"https:\/\/avabello.com\/es\/wp-json\/wp\/v2\/types\/page"}],"author":[{"embeddable":true,"href":"https:\/\/avabello.com\/es\/wp-json\/wp\/v2\/users\/1"}],"replies":[{"embeddable":true,"href":"https:\/\/avabello.com\/es\/wp-json\/wp\/v2\/comments?post=5690"}],"version-history":[{"count":2,"href":"https:\/\/avabello.com\/es\/wp-json\/wp\/v2\/pages\/5690\/revisions"}],"predecessor-version":[{"id":5991,"href":"https:\/\/avabello.com\/es\/wp-json\/wp\/v2\/pages\/5690\/revisions\/5991"}],"up":[{"embeddable":true,"href":"https:\/\/avabello.com\/es\/wp-json\/wp\/v2\/pages\/5697"}],"wp:featuredmedia":[{"embeddable":true,"href":"https:\/\/avabello.com\/es\/wp-json\/wp\/v2\/media\/5691"}],"wp:attachment":[{"href":"https:\/\/avabello.com\/es\/wp-json\/wp\/v2\/media?parent=5690"}],"curies":[{"name":"wp","href":"https:\/\/api.w.org\/{rel}","templated":true}]}}