{"id":5369,"date":"2023-01-17T14:07:53","date_gmt":"2023-01-17T19:07:53","guid":{"rendered":"https:\/\/avabello.com\/coctel-de-myers\/"},"modified":"2026-01-27T08:00:01","modified_gmt":"2026-01-27T13:00:01","slug":"coctel-de-myers","status":"publish","type":"page","link":"https:\/\/avabello.com\/es\/med-spa\/terapia-intravenosa\/coctel-de-myers\/","title":{"rendered":"C\u00f3ctel de Myers"},"content":{"rendered":"\n<p>Experimente el est\u00e1ndar de oro de la <a href=\"https:\/\/avabello.com\/iv-therapy\/\">terapia de nutrientes por v\u00eda intravenosa<\/a> a trav\u00e9s del C\u00f3ctel de Myers, la mezcla cl\u00e1sica de vitaminas y minerales que ha respaldado el bienestar durante m\u00e1s de 30 a\u00f1os. Esta formulaci\u00f3n probada a lo largo del tiempo suministra nutrientes esenciales directamente a sus c\u00e9lulas, proporcionando beneficios integrales para el bienestar a trav\u00e9s del c\u00f3ctel terap\u00e9utico de nutrientes original desarrollado por el Dr. John Myers.<\/p>\n\n    <div class=\"featured-testimonial-block bg-secondary text-body bg-wcag-white flc-section-padding\" id=\"featured-testimonial-block_e5147d2dbf5794dc5e9a1c6ac0a2ee62\">\n        <blockquote class=\"mb-0 container text-center blockquote position-relative\">\n            <div class=\"content\">\u00a1Tuve una experiencia incre\u00edble en The Aesthetic Future Miami! El Dr. Eskenazi y su equipo fueron incre\u00edblemente profesionales y me hicieron sentir c\u00f3moda durante todo mi tratamiento Tox. Los resultados fueron naturales y exactamente lo que esperaba. Agradezco que se tomaran el tiempo de explicarme todo y responder a todas mis preguntas. Mi piel se ve m\u00e1s tersa y me siento m\u00e1s segura que nunca. \u00a1Recomiendo encarecidamente The Aesthetic Future Miami a cualquiera que busque una atenci\u00f3n de primera categor\u00eda y resultados sobresalientes!     <\/div>\n                            <footer class=\"blockquote-footer text-tertiary p-0 mt-2 text-capitalize\"><cite class=\"d-inline-block h5 text-dark\">Nicole Wallace<\/cite><\/footer>\n                        <svg class=\"svg-inline--fa fa-quote-right  fa-w-16\" aria-hidden=\"true\" data-prefix=\"fab\" data-icon=\"quote-right\" role=\"img\" xmlns=\"http:\/\/www.w3.org\/2000\/svg\" viewBox=\"0 0 512 512\" data-fa-i2svg=\"\"><path fill=\"currentColor\" d=\"M464 32H336c-26.5 0-48 21.5-48 48v128c0 26.5 21.5 48 48 48h80v64c0 35.3-28.7 64-64 64h-8c-13.3 0-24 10.7-24 24v48c0 13.3 10.7 24 24 24h8c88.4 0 160-71.6 160-160V80c0-26.5-21.5-48-48-48zm-288 0H48C21.5 32 0 53.5 0 80v128c0 26.5 21.5 48 48 48h80v64c0 35.3-28.7 64-64 64h-8c-13.3 0-24 10.7-24 24v48c0 13.3 10.7 24 24 24h8c88.4 0 160-71.6 160-160V80c0-26.5-21.5-48-48-48z\"><\/path><\/svg>        <\/blockquote>\n    <\/div>\n\n<div class=\"wp-block-media-text has-media-on-the-right is-stacked-on-mobile is-vertically-aligned-center\"><div class=\"wp-block-media-text__content\">\n<h2 class=\"wp-block-heading\">\u00bfQu\u00e9 es la terapia intravenosa con el c\u00f3ctel de Myers?<\/h2>\n\n\n\n<p>El c\u00f3ctel de Myers representa la terapia intravenosa de nutrientes fundamental, que combina vitamina C, vitaminas del complejo B, magnesio y calcio en proporciones terap\u00e9uticas precisas para un apoyo \u00f3ptimo al bienestar. Esta mezcla de nutrientes cl\u00e1sica aborda m\u00faltiples problemas de salud simult\u00e1neamente a trav\u00e9s de la administraci\u00f3n dirigida de vitaminas y minerales. <\/p>\n\n\n\n<p>La formulaci\u00f3n probada se ha perfeccionado durante d\u00e9cadas para proporcionar un apoyo nutricional integral, mejorar la energ\u00eda y fortalecer el sistema inmunol\u00f3gico a trav\u00e9s de la administraci\u00f3n intravenosa directa para una m\u00e1xima biodisponibilidad.<\/p>\n\n\n\n<h2 class=\"wp-block-heading\">La experiencia del Dr. Eskenazi en terapia de nutrientes confiable<\/h2>\n\n\n\n<p>El Dr. Benjamin Eskenazi aporta credenciales m\u00e9dicas distinguidas a la terapia con el c\u00f3ctel de Myers como cirujano pl\u00e1stico certificado y capacitado con amplia experiencia en medicina nutricional y protocolos terap\u00e9uticos. Su supervisi\u00f3n m\u00e9dica garantiza una seguridad y eficacia \u00f3ptimas para todos los tratamientos de infusi\u00f3n de nutrientes. <\/p>\n\n\n\n<p>\u00abEl c\u00f3ctel de Myers proporciona la base perfecta para la optimizaci\u00f3n del bienestar al administrar nutrientes esenciales en su forma m\u00e1s biodisponible\u00bb, explica el Dr. Eskenazi. \u00abEsta formulaci\u00f3n cl\u00e1sica aborda las deficiencias nutricionales al tiempo que apoya la energ\u00eda, la inmunidad y la vitalidad general\u00bb. <\/p>\n<\/div><figure class=\"wp-block-media-text__media\"><img loading=\"lazy\" decoding=\"async\" width=\"960\" height=\"960\" src=\"https:\/\/avabello.com\/wp-content\/uploads\/2025\/08\/shutterstock-2443568825-medium.jpg\" alt=\"Mujer atractiva y feliz relaj\u00e1ndose mientras recibe un goteo intravenoso y terapia de minerales vitam\u00ednicos para una mejor salud con un c\u00f3ctel de Myers\" class=\"wp-image-3260 size-full\" srcset=\"https:\/\/avabello.com\/wp-content\/uploads\/2025\/08\/shutterstock-2443568825-medium.jpg 960w, https:\/\/avabello.com\/wp-content\/uploads\/2025\/08\/shutterstock-2443568825-medium-300x300.jpg 300w, https:\/\/avabello.com\/wp-content\/uploads\/2025\/08\/shutterstock-2443568825-medium-768x768.jpg 768w, https:\/\/avabello.com\/wp-content\/uploads\/2025\/08\/shutterstock-2443568825-medium-192x192.jpg 192w, https:\/\/avabello.com\/wp-content\/uploads\/2025\/08\/shutterstock-2443568825-medium-32x32.jpg 32w\" sizes=\"auto, (max-width: 960px) 100vw, 960px\" \/><\/figure><\/div>\n\n<div class=\"wp-block-media-text is-stacked-on-mobile is-vertically-aligned-center\"><figure class=\"wp-block-media-text__media\"><img loading=\"lazy\" decoding=\"async\" width=\"960\" height=\"960\" src=\"https:\/\/avabello.com\/wp-content\/uploads\/2025\/08\/shutterstock-2281563957-medium.jpg\" alt=\"Mujer mayor, ejercicio y aire libre para correr, entrenar y hacer ejercicio en la carretera con \u00e1rboles para estar en forma. Persona mayor feliz con el cardio para la salud y el bienestar mientras camina o corre en verano \" class=\"wp-image-3261 size-full\" srcset=\"https:\/\/avabello.com\/wp-content\/uploads\/2025\/08\/shutterstock-2281563957-medium.jpg 960w, https:\/\/avabello.com\/wp-content\/uploads\/2025\/08\/shutterstock-2281563957-medium-300x300.jpg 300w, https:\/\/avabello.com\/wp-content\/uploads\/2025\/08\/shutterstock-2281563957-medium-768x768.jpg 768w, https:\/\/avabello.com\/wp-content\/uploads\/2025\/08\/shutterstock-2281563957-medium-192x192.jpg 192w, https:\/\/avabello.com\/wp-content\/uploads\/2025\/08\/shutterstock-2281563957-medium-32x32.jpg 32w\" sizes=\"auto, (max-width: 960px) 100vw, 960px\" \/><\/figure><div class=\"wp-block-media-text__content\">\n<h2 class=\"wp-block-heading\">La f\u00f3rmula cl\u00e1sica de infusi\u00f3n del c\u00f3ctel de Myers<\/h2>\n\n\n\n<p>Nuestro c\u00f3ctel de Myers de grado m\u00e9dico contiene nutrientes terap\u00e9uticos equilibrados con precisi\u00f3n dise\u00f1ados para un apoyo integral al bienestar:<\/p>\n\n\n\n<h3 class=\"wp-block-heading\">Componentes vitam\u00ednicos esenciales:<\/h3>\n\n\n\n<ul class=\"wp-block-list c7 lst-kix_oxh2c6d823po-0 start\">\n<li>Vitamina C en dosis altas para el apoyo inmunol\u00f3gico y la protecci\u00f3n antioxidante<\/li>\n\n\n\n<li>Vitaminas del complejo B para el metabolismo energ\u00e9tico y la funci\u00f3n neurol\u00f3gica<\/li>\n\n\n\n<li>Vitamina B12 para la energ\u00eda celular y la mejora cognitiva<\/li>\n\n\n\n<li>Vitamina B6 para el metabolismo de las prote\u00ednas y la s\u00edntesis de neurotransmisores<\/li>\n<\/ul>\n\n\n\n<h3 class=\"wp-block-heading\">Elementos minerales cr\u00edticos:<\/h3>\n\n\n\n<ul class=\"wp-block-list c7 lst-kix_mskegadu5mfm-0 start\">\n<li>Magnesio para la funci\u00f3n muscular y el control del estr\u00e9s<\/li>\n\n\n\n<li>Calcio para la salud \u00f3sea y la se\u00f1alizaci\u00f3n celular<\/li>\n\n\n\n<li>Oligoelementos para la funci\u00f3n enzim\u00e1tica y el apoyo metab\u00f3lico<\/li>\n<\/ul>\n\n\n\n<h2 class=\"wp-block-heading\">Los beneficios del tratamiento intravenoso con el c\u00f3ctel de Myers<\/h2>\n\n\n\n<p>La mezcla de nutrientes cl\u00e1sica proporciona una mejora multifac\u00e9tica del bienestar a trav\u00e9s del apoyo nutricional espec\u00edfico:<\/p>\n\n\n\n<h3 class=\"wp-block-heading\">Mejora de la energ\u00eda y la vitalidad:<\/h3>\n\n\n\n<ul class=\"wp-block-list c7 lst-kix_uwpo1afutt9g-0 start\">\n<li>Mayor producci\u00f3n de energ\u00eda celular y metabolismo<\/li>\n\n\n\n<li>Reducci\u00f3n de la fatiga y mejora de la resistencia<\/li>\n\n\n\n<li>Mayor claridad mental y funci\u00f3n cognitiva<\/li>\n\n\n\n<li>Niveles de energ\u00eda sostenidos durante todo el d\u00eda<\/li>\n<\/ul>\n\n\n\n<h3 class=\"wp-block-heading\">Apoyo al sistema inmunol\u00f3gico:<\/h3>\n\n\n\n<ul class=\"wp-block-list c7 lst-kix_8z1nnfja4pqx-0 start\">\n<li>Mecanismos de respuesta y defensa inmunitarias fortalecidos<\/li>\n\n\n\n<li>Protecci\u00f3n antioxidante contra el da\u00f1o de los radicales libres<\/li>\n\n\n\n<li>Recuperaci\u00f3n mejorada de enfermedades o estr\u00e9s<\/li>\n\n\n\n<li>Mayor resistencia a los desaf\u00edos estacionales<\/li>\n<\/ul>\n\n\n\n<h3 class=\"wp-block-heading\">Control del estr\u00e9s y recuperaci\u00f3n:<\/h3>\n\n\n\n<ul class=\"wp-block-list c7 lst-kix_66g5wkpinh8o-0 start\">\n<li>Apoyo de magnesio para la funci\u00f3n del sistema nervioso<\/li>\n\n\n\n<li>Mayor tolerancia al estr\u00e9s y resiliencia<\/li>\n\n\n\n<li>Mejora de la calidad del sue\u00f1o y la relajaci\u00f3n<\/li>\n\n\n\n<li>Recuperaci\u00f3n acelerada del estr\u00e9s f\u00edsico y mental<\/li>\n<\/ul>\n\n\n\n<h3 class=\"wp-block-heading\">Optimizaci\u00f3n general del bienestar:<\/h3>\n\n\n\n<ul class=\"wp-block-list c7 lst-kix_xzr9u67e2kr8-0 start\">\n<li>Apoyo nutricional integral para una salud \u00f3ptima<\/li>\n\n\n\n<li>Mejora de la funci\u00f3n celular y la eficiencia metab\u00f3lica<\/li>\n\n\n\n<li>Mayor desintoxicaci\u00f3n y apoyo hep\u00e1tico<\/li>\n\n\n\n<li>Niveles equilibrados de electrolitos para una fisiolog\u00eda \u00f3ptima<\/li>\n<\/ul>\n<\/div><\/div>\n\n<div class=\"wp-block-media-text has-media-on-the-right is-stacked-on-mobile is-vertically-aligned-center\"><div class=\"wp-block-media-text__content\">\n<h2 class=\"wp-block-heading\">Candidatos \u00f3ptimos para la terapia con el c\u00f3ctel de Myers<\/h2>\n\n\n\n<p>El c\u00f3ctel de Myers beneficia a las personas que buscan un apoyo nutricional integral, incluidas aquellas con fatiga cr\u00f3nica, enfermedades frecuentes, s\u00edntomas relacionados con el estr\u00e9s u objetivos generales de optimizaci\u00f3n del bienestar. El tratamiento es particularmente eficaz para profesionales ocupados, atletas y cualquier persona que experimente deficiencias nutricionales. <\/p>\n\n\n\n<p>La formulaci\u00f3n cl\u00e1sica es ideal para pacientes nuevos en la terapia intravenosa, ya que proporciona un apoyo nutricional suave pero eficaz en nuestro lujoso entorno de Miami Beach.<\/p>\n\n\n\n<h2 class=\"wp-block-heading\">Experiencia de tratamiento intravenoso profesional<\/h2>\n\n\n\n<p>Experimente la terapia con el c\u00f3ctel de Myers en nuestras instalaciones de \u00faltima generaci\u00f3n con c\u00f3modas salas de tratamiento y un ambiente tranquilo. El proceso de administraci\u00f3n profesional suele tardar entre 30 y 45 minutos, lo que permite la relajaci\u00f3n mientras recibe este apoyo nutricional probado a lo largo del tiempo. <\/p>\n\n\n\n<p>Nuestros profesionales m\u00e9dicos capacitados garantizan una comodidad y seguridad \u00f3ptimas durante todo el proceso de tratamiento, monitoreando su respuesta y ajustando la terapia seg\u00fan sea necesario para obtener el m\u00e1ximo beneficio terap\u00e9utico.<\/p>\n\n\n\n<h2 class=\"wp-block-heading\">Resultados inmediatos y beneficios progresivos<\/h2>\n\n\n\n<p>La mayor\u00eda de los pacientes experimentan una mejora notable en los niveles de energ\u00eda y el bienestar general a las pocas horas de la administraci\u00f3n del c\u00f3ctel de Myers. El apoyo nutricional integral proporciona beneficios tanto inmediatos como acumulativos con el tratamiento regular. <\/p>\n\n\n\n<p>La mejora progresiva incluye una mejora sostenida de la energ\u00eda, una mejor funci\u00f3n inmunol\u00f3gica, un mejor control del estr\u00e9s y una optimizaci\u00f3n general del bienestar a trav\u00e9s de una terapia de nutrientes constante.<\/p>\n<\/div><figure class=\"wp-block-media-text__media\"><img loading=\"lazy\" decoding=\"async\" width=\"960\" height=\"960\" src=\"https:\/\/avabello.com\/wp-content\/uploads\/2025\/08\/shutterstock-2212936881-medium.jpg\" alt=\"Mujer negra relajada en un viaje por carretera, feliz con la vista del desierto y el transporte en jeep o coche en vacaciones en El Cairo. Viaje de aventura en coche, sonrisa en vacaciones de verano y explorar la libertad de la naturaleza bajo el sol \" class=\"wp-image-3262 size-full\" srcset=\"https:\/\/avabello.com\/wp-content\/uploads\/2025\/08\/shutterstock-2212936881-medium.jpg 960w, https:\/\/avabello.com\/wp-content\/uploads\/2025\/08\/shutterstock-2212936881-medium-300x300.jpg 300w, https:\/\/avabello.com\/wp-content\/uploads\/2025\/08\/shutterstock-2212936881-medium-768x768.jpg 768w, https:\/\/avabello.com\/wp-content\/uploads\/2025\/08\/shutterstock-2212936881-medium-192x192.jpg 192w, https:\/\/avabello.com\/wp-content\/uploads\/2025\/08\/shutterstock-2212936881-medium-32x32.jpg 32w\" sizes=\"auto, (max-width: 960px) 100vw, 960px\" \/><\/figure><\/div>\n\n<div class=\"bio bg-light flc-section-padding\">\n    <div class=\"container\">\n        <div class=\"row align-items-center\">\n                            <div class=\"col-md-4 mb-4 mb-md-0\">\n                    <img loading=\"lazy\" decoding=\"async\" width=\"1600\" height=\"1128\" src=\"https:\/\/avabello.com\/wp-content\/uploads\/2025\/07\/twm1-license-confirmed.jpg\" class=\"img-fluid\" alt=\"Hombre con un traje azul oscuro con los brazos cruzados, de pie frente a un fondo gris claro liso.\" srcset=\"https:\/\/avabello.com\/wp-content\/uploads\/2025\/07\/twm1-license-confirmed.jpg 1600w, https:\/\/avabello.com\/wp-content\/uploads\/2025\/07\/twm1-license-confirmed-300x212.jpg 300w, https:\/\/avabello.com\/wp-content\/uploads\/2025\/07\/twm1-license-confirmed-1024x722.jpg 1024w, https:\/\/avabello.com\/wp-content\/uploads\/2025\/07\/twm1-license-confirmed-768x541.jpg 768w, https:\/\/avabello.com\/wp-content\/uploads\/2025\/07\/twm1-license-confirmed-1536x1083.jpg 1536w\" sizes=\"auto, (max-width: 1600px) 100vw, 1600px\" \/>                <\/div>\n                        <div class=\"col-md-8 pl-md-5\">\n                                    <h2>\u00bfPor qu\u00e9 elegir al Dr. Eskenazi para la terapia con el c\u00f3ctel de Myers?<\/h2>\n                \n                                    <div class=\"about-content content\">\n                        <p>El Dr. Eskenazi proporciona una experiencia excepcional para la terapia de nutrientes cl\u00e1sica:<\/p>\n<ul>\n<li><strong>Cirujano pl\u00e1stico certificado:<\/strong> Formaci\u00f3n m\u00e9dica que garantiza protocolos de seguridad \u00f3ptimos y eficacia terap\u00e9utica<\/li>\n<li><strong>Formulaciones de grado m\u00e9dico:<\/strong> Nutrientes de calidad farmac\u00e9utica en proporciones terap\u00e9uticas precisas para obtener el m\u00e1ximo beneficio<\/li>\n<li><strong>Entorno de consulta de lujo:<\/strong> Instalaciones de vanguardia con medidas integrales de comodidad y seguridad<\/li>\n<li><strong>Administraci\u00f3n profesional:<\/strong> Personal m\u00e9dico experto que proporciona una administraci\u00f3n y un control cualificados de la terapia IV<\/li>\n<li><strong>Atenci\u00f3n personalizada:<\/strong> Protocolos de tratamiento individualizados basados en sus necesidades nutricionales y de bienestar espec\u00edficas<\/li>\n<li><strong>Integraci\u00f3n integral del bienestar:<\/strong> Coordinaci\u00f3n estrat\u00e9gica con otros tratamientos para obtener resultados \u00f3ptimos para la salud<\/li>\n<\/ul>\n\n                                            <\/div>\n                            <\/div>\n        <\/div>\n    <\/div>\n<\/div>\n<h2 class=\"wp-block-heading\">Experimente la terapia cl\u00e1sica con el c\u00f3ctel de Myers en Miami Beach<\/h2>\n\n<p>\u00bfListo para descubrir los beneficios fundamentales de la terapia intravenosa con el c\u00f3ctel de Myers, la mezcla de nutrientes probada a lo largo del tiempo que ha respaldado el bienestar durante d\u00e9cadas? <a href=\"https:\/\/avabello.com\/es\/contacto\/\" class=\"contact_anchor \"><span>Programe su consulta<\/span><\/a> con el renombrado cirujano pl\u00e1stico Dr. Eskenazi en Avabello Aesthetics en Miami Beach para experimentar c\u00f3mo esta formulaci\u00f3n cl\u00e1sica puede mejorar su energ\u00eda, inmunidad y bienestar general. <\/p>\n\n<p>Sirviendo a pacientes en todo Miami Beach, Aventura y Bal Harbour, este distinguido experto en bienestar m\u00e9dico proporciona una terapia integral con el c\u00f3ctel de Myers para un apoyo nutricional \u00f3ptimo y una mejora del bienestar.<\/p>\n","protected":false},"excerpt":{"rendered":"<p>Experimente el est\u00e1ndar de oro de la terapia de nutrientes por v\u00eda intravenosa a trav\u00e9s del C\u00f3ctel de Myers, la mezcla cl\u00e1sica de vitaminas y minerales que ha respaldado el bienestar durante m\u00e1s de 30 a\u00f1os. Esta formulaci\u00f3n probada a lo largo del tiempo suministra nutrientes esenciales directamente a sus c\u00e9lulas, proporcionando beneficios integrales para&hellip; <a href=\"https:\/\/avabello.com\/es\/med-spa\/terapia-intravenosa\/coctel-de-myers\/\" class=\"btn btn-outline-primary position-absolute more-link\"> Seguir leyendo <span class=\"sr-only\"> acerca de C\u00f3ctel de Myers<\/span><\/a><\/p>\n","protected":false},"author":1,"featured_media":5370,"parent":5435,"menu_order":0,"comment_status":"closed","ping_status":"closed","template":"template-fullwidth.php","meta":{"_acf_changed":false,"footnotes":""},"class_list":["post-5369","page","type-page","status-publish","has-post-thumbnail"],"acf":[],"yoast_head":"<!-- This site is optimized with the Yoast SEO plugin v27.3 - https:\/\/yoast.com\/product\/yoast-seo-wordpress\/ -->\n<title>C\u00f3ctel de Myers con terapia intravenosa en Miami Beach, FL | Aventura, Bal Harbour<\/title>\n<meta name=\"description\" content=\"Programe su terapia intravenosa con el c\u00f3ctel de Myers en Avabello Aesthetic. El Dr. Eskenazi proporciona la mezcla de nutrientes cl\u00e1sica para mejorar la energ\u00eda, la inmunidad y el bienestar en Miami Beach.\" \/>\n<meta name=\"robots\" content=\"index, follow, max-snippet:-1, max-image-preview:large, max-video-preview:-1\" \/>\n<link rel=\"canonical\" href=\"https:\/\/avabello.com\/es\/med-spa\/terapia-intravenosa\/coctel-de-myers\/\" \/>\n<meta property=\"og:locale\" content=\"es_ES\" \/>\n<meta property=\"og:type\" content=\"article\" \/>\n<meta property=\"og:title\" content=\"C\u00f3ctel de Myers con terapia intravenosa en Miami Beach, FL | Aventura, Bal Harbour\" \/>\n<meta property=\"og:description\" content=\"Programe su terapia intravenosa con el c\u00f3ctel de Myers en Avabello Aesthetic. El Dr. Eskenazi proporciona la mezcla de nutrientes cl\u00e1sica para mejorar la energ\u00eda, la inmunidad y el bienestar en Miami Beach.\" \/>\n<meta property=\"og:url\" content=\"https:\/\/avabello.com\/es\/med-spa\/terapia-intravenosa\/coctel-de-myers\/\" \/>\n<meta property=\"og:site_name\" content=\"Avabello Aesthetics\" \/>\n<meta property=\"article:modified_time\" content=\"2026-01-27T13:00:01+00:00\" \/>\n<meta property=\"og:image\" content=\"https:\/\/avabello.com\/wp-content\/uploads\/2025\/08\/shutterstock-2451193125-xxlarge.jpg\" \/><meta property=\"og:image\" content=\"https:\/\/avabello.com\/wp-content\/uploads\/2025\/08\/shutterstock-2303415169-medium.jpg\" \/>\n\t<meta property=\"og:image:width\" content=\"960\" \/>\n\t<meta property=\"og:image:height\" content=\"960\" \/>\n\t<meta property=\"og:image:type\" content=\"image\/jpeg\" \/>\n<meta name=\"twitter:card\" content=\"summary_large_image\" \/>\n<meta name=\"twitter:image\" content=\"https:\/\/avabello.com\/wp-content\/uploads\/2025\/08\/shutterstock-2451193125-xxlarge.jpg\" \/>\n<meta name=\"twitter:label1\" content=\"Tiempo de lectura\" \/>\n\t<meta name=\"twitter:data1\" content=\"5 minutos\" \/>\n<!-- \/ Yoast SEO plugin. -->","yoast_head_json":{"title":"C\u00f3ctel de Myers con terapia intravenosa en Miami Beach, FL | Aventura, Bal Harbour","description":"Programe su terapia intravenosa con el c\u00f3ctel de Myers en Avabello Aesthetic. El Dr. Eskenazi proporciona la mezcla de nutrientes cl\u00e1sica para mejorar la energ\u00eda, la inmunidad y el bienestar en Miami Beach.","robots":{"index":"index","follow":"follow","max-snippet":"max-snippet:-1","max-image-preview":"max-image-preview:large","max-video-preview":"max-video-preview:-1"},"canonical":"https:\/\/avabello.com\/es\/med-spa\/terapia-intravenosa\/coctel-de-myers\/","og_locale":"es_ES","og_type":"article","og_title":"C\u00f3ctel de Myers con terapia intravenosa en Miami Beach, FL | Aventura, Bal Harbour","og_description":"Programe su terapia intravenosa con el c\u00f3ctel de Myers en Avabello Aesthetic. El Dr. Eskenazi proporciona la mezcla de nutrientes cl\u00e1sica para mejorar la energ\u00eda, la inmunidad y el bienestar en Miami Beach.","og_url":"https:\/\/avabello.com\/es\/med-spa\/terapia-intravenosa\/coctel-de-myers\/","og_site_name":"Avabello Aesthetics","article_modified_time":"2026-01-27T13:00:01+00:00","og_image":[{"url":"https:\/\/avabello.com\/wp-content\/uploads\/2025\/08\/shutterstock-2451193125-xxlarge.jpg","type":"","width":"","height":""},{"width":960,"height":960,"url":"https:\/\/avabello.com\/wp-content\/uploads\/2025\/08\/shutterstock-2303415169-medium.jpg","type":"image\/jpeg"}],"twitter_card":"summary_large_image","twitter_image":"https:\/\/avabello.com\/wp-content\/uploads\/2025\/08\/shutterstock-2451193125-xxlarge.jpg","twitter_misc":{"Tiempo de lectura":"5 minutos"},"schema":{"@context":"https:\/\/schema.org","@graph":[{"@type":"WebPage","@id":"https:\/\/avabello.com\/es\/med-spa\/terapia-intravenosa\/coctel-de-myers\/","url":"https:\/\/avabello.com\/es\/med-spa\/terapia-intravenosa\/coctel-de-myers\/","name":"C\u00f3ctel de Myers con terapia intravenosa en Miami Beach, FL | Aventura, Bal Harbour","isPartOf":{"@id":"https:\/\/avabello.com\/es\/#website"},"primaryImageOfPage":{"@id":"https:\/\/avabello.com\/es\/med-spa\/terapia-intravenosa\/coctel-de-myers\/#primaryimage"},"image":{"@id":"https:\/\/avabello.com\/es\/med-spa\/terapia-intravenosa\/coctel-de-myers\/#primaryimage"},"thumbnailUrl":"https:\/\/avabello.com\/wp-content\/uploads\/2025\/08\/shutterstock-2303415169-medium.jpg","datePublished":"2023-01-17T19:07:53+00:00","dateModified":"2026-01-27T13:00:01+00:00","description":"Programe su terapia intravenosa con el c\u00f3ctel de Myers en Avabello Aesthetic. El Dr. Eskenazi proporciona la mezcla de nutrientes cl\u00e1sica para mejorar la energ\u00eda, la inmunidad y el bienestar en Miami Beach.","breadcrumb":{"@id":"https:\/\/avabello.com\/es\/med-spa\/terapia-intravenosa\/coctel-de-myers\/#breadcrumb"},"inLanguage":"es","potentialAction":[{"@type":"ReadAction","target":["https:\/\/avabello.com\/es\/med-spa\/terapia-intravenosa\/coctel-de-myers\/"]}]},{"@type":"ImageObject","inLanguage":"es","@id":"https:\/\/avabello.com\/es\/med-spa\/terapia-intravenosa\/coctel-de-myers\/#primaryimage","url":"https:\/\/avabello.com\/wp-content\/uploads\/2025\/08\/shutterstock-2303415169-medium.jpg","contentUrl":"https:\/\/avabello.com\/wp-content\/uploads\/2025\/08\/shutterstock-2303415169-medium.jpg","width":960,"height":960,"caption":"Mujer apoyando la barbilla en la mano"},{"@type":"BreadcrumbList","@id":"https:\/\/avabello.com\/es\/med-spa\/terapia-intravenosa\/coctel-de-myers\/#breadcrumb","itemListElement":[{"@type":"ListItem","position":1,"name":"Inicio","item":"https:\/\/avabello.com\/es\/"},{"@type":"ListItem","position":2,"name":"El principal Med Spa de Miami Beach dirigido por un m\u00e9dico","item":"https:\/\/avabello.com\/es\/med-spa\/"},{"@type":"ListItem","position":3,"name":"Terapia intravenosa","item":"https:\/\/avabello.com\/es\/med-spa\/terapia-intravenosa\/"},{"@type":"ListItem","position":4,"name":"C\u00f3ctel de Myers"}]},{"@type":"WebSite","@id":"https:\/\/avabello.com\/es\/#website","url":"https:\/\/avabello.com\/es\/","name":"Avabello Aesthetics","description":"","potentialAction":[{"@type":"SearchAction","target":{"@type":"EntryPoint","urlTemplate":"https:\/\/avabello.com\/es\/?s={search_term_string}"},"query-input":{"@type":"PropertyValueSpecification","valueRequired":true,"valueName":"search_term_string"}}],"inLanguage":"es"}]}},"_links":{"self":[{"href":"https:\/\/avabello.com\/es\/wp-json\/wp\/v2\/pages\/5369","targetHints":{"allow":["GET"]}}],"collection":[{"href":"https:\/\/avabello.com\/es\/wp-json\/wp\/v2\/pages"}],"about":[{"href":"https:\/\/avabello.com\/es\/wp-json\/wp\/v2\/types\/page"}],"author":[{"embeddable":true,"href":"https:\/\/avabello.com\/es\/wp-json\/wp\/v2\/users\/1"}],"replies":[{"embeddable":true,"href":"https:\/\/avabello.com\/es\/wp-json\/wp\/v2\/comments?post=5369"}],"version-history":[{"count":4,"href":"https:\/\/avabello.com\/es\/wp-json\/wp\/v2\/pages\/5369\/revisions"}],"predecessor-version":[{"id":6062,"href":"https:\/\/avabello.com\/es\/wp-json\/wp\/v2\/pages\/5369\/revisions\/6062"}],"up":[{"embeddable":true,"href":"https:\/\/avabello.com\/es\/wp-json\/wp\/v2\/pages\/5435"}],"wp:featuredmedia":[{"embeddable":true,"href":"https:\/\/avabello.com\/es\/wp-json\/wp\/v2\/media\/5370"}],"wp:attachment":[{"href":"https:\/\/avabello.com\/es\/wp-json\/wp\/v2\/media?parent=5369"}],"curies":[{"name":"wp","href":"https:\/\/api.w.org\/{rel}","templated":true}]}}