{"id":5360,"date":"2023-01-17T14:07:53","date_gmt":"2023-01-17T19:07:53","guid":{"rendered":"https:\/\/avabello.com\/nad\/"},"modified":"2026-01-27T07:59:10","modified_gmt":"2026-01-27T12:59:10","slug":"nad","status":"publish","type":"page","link":"https:\/\/avabello.com\/es\/med-spa\/terapia-intravenosa\/nad\/","title":{"rendered":"NAD+"},"content":{"rendered":"\n<p>Experimente la vanguardia de la regeneraci\u00f3n celular a trav\u00e9s de la <a href=\"https:\/\/avabello.com\/iv-therapy\/\">terapia intravenosa<\/a> de NAD+, el tratamiento revolucionario que restaura la funci\u00f3n celular \u00f3ptima y apoya la longevidad a nivel molecular. Las investigaciones demuestran que los niveles de NAD+ disminuyen en un 50% entre los 40 y los 60 a\u00f1os, lo que hace que esta terapia avanzada sea esencial para la reparaci\u00f3n celular, la optimizaci\u00f3n de la energ\u00eda y la mejora integral del bienestar y la belleza a trav\u00e9s de la regeneraci\u00f3n celular directa.<\/p>\n\n    <div class=\"featured-testimonial-block bg-secondary text-body bg-wcag-white flc-section-padding\" id=\"featured-testimonial-block_8522c721e804dec4ae780f888829b0bc\">\n        <blockquote class=\"mb-0 container text-center blockquote position-relative\">\n            <div class=\"content\">Me encanta el equipo, \u00a1todo el mundo es s\u00faper amable!<\/div>\n                            <footer class=\"blockquote-footer text-tertiary p-0 mt-2 text-capitalize\"><cite class=\"d-inline-block h5 text-dark\">Manuela Mesa<\/cite><\/footer>\n                        <svg class=\"svg-inline--fa fa-quote-right  fa-w-16\" aria-hidden=\"true\" data-prefix=\"fab\" data-icon=\"quote-right\" role=\"img\" xmlns=\"http:\/\/www.w3.org\/2000\/svg\" viewBox=\"0 0 512 512\" data-fa-i2svg=\"\"><path fill=\"currentColor\" d=\"M464 32H336c-26.5 0-48 21.5-48 48v128c0 26.5 21.5 48 48 48h80v64c0 35.3-28.7 64-64 64h-8c-13.3 0-24 10.7-24 24v48c0 13.3 10.7 24 24 24h8c88.4 0 160-71.6 160-160V80c0-26.5-21.5-48-48-48zm-288 0H48C21.5 32 0 53.5 0 80v128c0 26.5 21.5 48 48 48h80v64c0 35.3-28.7 64-64 64h-8c-13.3 0-24 10.7-24 24v48c0 13.3 10.7 24 24 24h8c88.4 0 160-71.6 160-160V80c0-26.5-21.5-48-48-48z\"><\/path><\/svg>        <\/blockquote>\n    <\/div>\n\n<div class=\"wp-block-media-text has-media-on-the-right is-stacked-on-mobile is-vertically-aligned-center\"><div class=\"wp-block-media-text__content\">\n<h2 class=\"wp-block-heading\">\u00bfQu\u00e9 es la terapia intravenosa de NAD+?<\/h2>\n\n\n\n<p>La terapia intravenosa de NAD+ (nicotinamida adenina dinucle\u00f3tido) representa la c\u00faspide del bienestar celular a trav\u00e9s de la administraci\u00f3n directa de esta coenzima esencial que impulsa la producci\u00f3n de energ\u00eda celular, la reparaci\u00f3n del ADN y los procesos antienvejecimiento. Este tratamiento avanzado de regeneraci\u00f3n celular aborda la disminuci\u00f3n de los niveles de NAD+ relacionada con la edad para una mejora integral del bienestar y la belleza. <\/p>\n\n\n\n<p>La revolucionaria terapia evita las limitaciones digestivas para administrar concentraciones terap\u00e9uticas de NAD+ directamente a las c\u00e9lulas, apoyando la funci\u00f3n mitocondrial \u00f3ptima y los mecanismos de reparaci\u00f3n celular para mejorar la longevidad y la vitalidad.<\/p>\n\n\n\n<h2 class=\"wp-block-heading\">La experiencia del Dr. Eskenazi en terapia celular avanzada<\/h2>\n\n\n\n<p>El Dr. Benjamin Eskenazi aporta credenciales m\u00e9dicas distinguidas a la terapia intravenosa de NAD+ como cirujano pl\u00e1stico certificado y con formaci\u00f3n especializada, con amplia experiencia en medicina regenerativa y protocolos celulares avanzados. Su supervisi\u00f3n m\u00e9dica garantiza una seguridad y eficacia \u00f3ptimas para todos los tratamientos de regeneraci\u00f3n celular. <\/p>\n\n\n\n<p>\u00abLa terapia intravenosa de NAD+ representa el futuro del bienestar celular al restaurar directamente la coenzima fundamental que impulsa la energ\u00eda y la reparaci\u00f3n celular\u00bb, explica el Dr. Eskenazi. \u00abLa biodisponibilidad inmediata y la absorci\u00f3n celular la hacen esencial para la funci\u00f3n celular \u00f3ptima y la mejora de la longevidad\u00bb. <\/p>\n\n\n\n<h2 class=\"wp-block-heading\">Tecnolog\u00eda avanzada de regeneraci\u00f3n celular<\/h2>\n\n\n\n<p>Nuestras instalaciones de vanguardia utilizan formulaciones de NAD+ de grado m\u00e9dico que contienen nicotinamida adenina dinucle\u00f3tido puro y de calidad farmac\u00e9utica para una mejora celular integral. El sofisticado sistema de administraci\u00f3n garantiza una absorci\u00f3n y utilizaci\u00f3n celular \u00f3ptimas para obtener los m\u00e1ximos beneficios regenerativos. <\/p>\n\n\n\n<p>La administraci\u00f3n profesional proporciona una dosificaci\u00f3n y un control precisos para maximizar los beneficios de la regeneraci\u00f3n celular, manteniendo al mismo tiempo la seguridad y la comodidad durante todo el proceso de tratamiento en nuestro lujoso entorno de Miami Beach.<\/p>\n\n\n\n<h2 class=\"wp-block-heading\">Lo que el NAD+ hace por su cuerpo y su cutis<\/h2>\n\n\n\n<p>El NAD+ act\u00faa como una coenzima fundamental en cientos de procesos celulares que apoyan el bienestar y la belleza desde el interior:<\/p>\n\n\n\n<h3 class=\"wp-block-heading\">Producci\u00f3n de energ\u00eda celular:<\/h3>\n\n\n\n<ul class=\"wp-block-list c7 lst-kix_4ctmd2jgaw8b-0 start\">\n<li>Impulsa la s\u00edntesis mitocondrial de ATP para una energ\u00eda celular \u00f3ptima<\/li>\n\n\n\n<li>Mejora la eficiencia metab\u00f3lica y la utilizaci\u00f3n de la energ\u00eda<\/li>\n\n\n\n<li>Apoya los niveles de energ\u00eda y la vitalidad sostenidos<\/li>\n\n\n\n<li>Mejora la respiraci\u00f3n celular y la utilizaci\u00f3n del ox\u00edgeno<\/li>\n<\/ul>\n\n\n\n<h3 class=\"wp-block-heading\">Reparaci\u00f3n y protecci\u00f3n del ADN:<\/h3>\n\n\n\n<ul class=\"wp-block-list c7 lst-kix_5ejuwgfvicpf-0 start\">\n<li>Activa las sirtuinas (prote\u00ednas de la longevidad) para la reparaci\u00f3n celular<\/li>\n\n\n\n<li>Apoya la reparaci\u00f3n de los da\u00f1os en el ADN y la estabilidad gen\u00f3mica<\/li>\n\n\n\n<li>Mejora la resistencia y la resiliencia al estr\u00e9s celular<\/li>\n\n\n\n<li>Promueve un envejecimiento celular saludable y la longevidad<\/li>\n<\/ul>\n<\/div><figure class=\"wp-block-media-text__media\"><img loading=\"lazy\" decoding=\"async\" width=\"960\" height=\"960\" src=\"https:\/\/avabello.com\/wp-content\/uploads\/2025\/08\/shutterstock-2419575201-medium.jpg\" alt=\"Hombre corriendo en un parque urbano en un d\u00eda soleado, concepto de fitness y estilo de vida saludable.\" class=\"wp-image-3277 size-full\" srcset=\"https:\/\/avabello.com\/wp-content\/uploads\/2025\/08\/shutterstock-2419575201-medium.jpg 960w, https:\/\/avabello.com\/wp-content\/uploads\/2025\/08\/shutterstock-2419575201-medium-300x300.jpg 300w, https:\/\/avabello.com\/wp-content\/uploads\/2025\/08\/shutterstock-2419575201-medium-768x768.jpg 768w, https:\/\/avabello.com\/wp-content\/uploads\/2025\/08\/shutterstock-2419575201-medium-192x192.jpg 192w, https:\/\/avabello.com\/wp-content\/uploads\/2025\/08\/shutterstock-2419575201-medium-32x32.jpg 32w\" sizes=\"auto, (max-width: 960px) 100vw, 960px\" \/><\/figure><\/div>\n\n<div class=\"wp-block-media-text is-stacked-on-mobile\"><figure class=\"wp-block-media-text__media\"><img loading=\"lazy\" decoding=\"async\" width=\"960\" height=\"960\" src=\"https:\/\/avabello.com\/wp-content\/uploads\/2025\/08\/bigstock-Portrait-of-beautiful-mature-w-278553922-medium.jpg\" alt=\"Retrato de una hermosa mujer madura sentada en una cafeter\u00eda mirando hacia otro lado. Alegre mujer madura con gafas pensando con el dedo en la barbilla. Mujer feliz relaj\u00e1ndose en una cafeter\u00eda y sonriendo.  \" class=\"wp-image-3179 size-full\" srcset=\"https:\/\/avabello.com\/wp-content\/uploads\/2025\/08\/bigstock-Portrait-of-beautiful-mature-w-278553922-medium.jpg 960w, https:\/\/avabello.com\/wp-content\/uploads\/2025\/08\/bigstock-Portrait-of-beautiful-mature-w-278553922-medium-300x300.jpg 300w, https:\/\/avabello.com\/wp-content\/uploads\/2025\/08\/bigstock-Portrait-of-beautiful-mature-w-278553922-medium-768x768.jpg 768w, https:\/\/avabello.com\/wp-content\/uploads\/2025\/08\/bigstock-Portrait-of-beautiful-mature-w-278553922-medium-192x192.jpg 192w, https:\/\/avabello.com\/wp-content\/uploads\/2025\/08\/bigstock-Portrait-of-beautiful-mature-w-278553922-medium-32x32.jpg 32w\" sizes=\"auto, (max-width: 960px) 100vw, 960px\" \/><\/figure><div class=\"wp-block-media-text__content\">\n<h2 class=\"wp-block-heading\">Los amplios beneficios del NAD+ en el bienestar y la belleza<\/h2>\n\n\n\n<p>La terapia intravenosa de NAD+ profesional proporciona una mejora multifac\u00e9tica a trav\u00e9s de la regeneraci\u00f3n celular avanzada:<\/p>\n\n\n\n<h3 class=\"wp-block-heading\">Energ\u00eda celular mejorada:<\/h3>\n\n\n\n<ul class=\"wp-block-list\">\n<li>Aumento de los niveles de energ\u00eda y reducci\u00f3n de la fatiga<\/li>\n\n\n\n<li>Mejora de la claridad mental y la funci\u00f3n cognitiva<\/li>\n\n\n\n<li>Mejora del rendimiento f\u00edsico y la resistencia<\/li>\n\n\n\n<li>Funci\u00f3n y eficiencia metab\u00f3lica optimizadas<\/li>\n<\/ul>\n\n\n\n<h3 class=\"wp-block-heading\">Antienvejecimiento y longevidad:<\/h3>\n\n\n\n<ul class=\"wp-block-list\">\n<li>Activaci\u00f3n de las v\u00edas de la longevidad y reparaci\u00f3n celular<\/li>\n\n\n\n<li>Mejora de la regeneraci\u00f3n y renovaci\u00f3n celular<\/li>\n\n\n\n<li>Mejora de la reparaci\u00f3n y protecci\u00f3n del ADN<\/li>\n\n\n\n<li>Reducci\u00f3n del envejecimiento celular y el da\u00f1o oxidativo<\/li>\n<\/ul>\n\n\n\n<h3 class=\"wp-block-heading\">Mejora de la belleza:<\/h3>\n\n\n\n<ul class=\"wp-block-list\">\n<li>Mejora de la textura y la luminosidad de la piel<\/li>\n\n\n\n<li>Aumento de la producci\u00f3n de col\u00e1geno y la elasticidad de la piel<\/li>\n\n\n\n<li>Reducci\u00f3n de las l\u00edneas de expresi\u00f3n y los signos de envejecimiento<\/li>\n\n\n\n<li>Mejora de la salud y la fortaleza del cabello y las u\u00f1as<\/li>\n<\/ul>\n\n\n\n<h3 class=\"wp-block-heading\">Bienestar integral:<\/h3>\n\n\n\n<ul class=\"wp-block-list\">\n<li>Mejora de la funci\u00f3n del sistema inmunitario<\/li>\n\n\n\n<li>Mayor tolerancia al estr\u00e9s y resiliencia<\/li>\n\n\n\n<li>Mejor calidad del sue\u00f1o y recuperaci\u00f3n<\/li>\n\n\n\n<li>Optimizaci\u00f3n del equilibrio y la regulaci\u00f3n hormonal<\/li>\n<\/ul>\n\n\n\n<h2 class=\"wp-block-heading\">Candidatos \u00f3ptimos para la terapia de infusi\u00f3n intravenosa de NAD+<\/h2>\n\n\n\n<p>La terapia intravenosa de NAD+ beneficia a las personas que buscan la regeneraci\u00f3n celular, el apoyo antienvejecimiento y la mejora integral del bienestar. El tratamiento es particularmente valioso para aquellos que experimentan un declive relacionado con la edad, fatiga, o cualquier persona que busque la funci\u00f3n celular \u00f3ptima y el apoyo a la longevidad. <\/p>\n\n\n\n<p>La terapia avanzada es ideal para la optimizaci\u00f3n del bienestar, la mejora de la belleza y los protocolos de longevidad en el lujoso entorno de Miami Beach.<\/p>\n\n\n\n<h2 class=\"wp-block-heading\">Experiencia de tratamiento de infusi\u00f3n profesional<\/h2>\n\n\n\n<p>Experimente la terapia intravenosa de NAD+ en nuestras instalaciones de vanguardia, que cuentan con c\u00f3modas salas de tratamiento y un ambiente sereno dise\u00f1ado para el bienestar celular avanzado. El proceso de administraci\u00f3n profesional suele durar entre 2 y 4 horas, lo que permite relajarse mientras se recibe un potente apoyo para la regeneraci\u00f3n celular. <\/p>\n\n\n\n<p>Nuestros profesionales m\u00e9dicos capacitados garantizan una comodidad y seguridad \u00f3ptimas durante todo el proceso de tratamiento, supervisando su respuesta y ajustando la terapia seg\u00fan sea necesario para obtener los m\u00e1ximos beneficios celulares.<\/p>\n<\/div><\/div>\n\n<div class=\"wp-block-media-text has-media-on-the-right is-stacked-on-mobile\"><div class=\"wp-block-media-text__content\">\n<h2 class=\"wp-block-heading\">Resultados inmediatos y mejora progresiva<\/h2>\n\n\n\n<p>La mayor\u00eda de los pacientes experimentan una mayor energ\u00eda y claridad mental a las pocas horas de la administraci\u00f3n intravenosa de NAD+. El apoyo celular integral proporciona tanto una mejora inmediata como beneficios acumulativos con el tratamiento regular para la salud celular sostenida y la optimizaci\u00f3n de la longevidad. <\/p>\n\n\n\n<p>La mejora progresiva incluye la mejora de la funci\u00f3n celular, la mejora del bienestar y la optimizaci\u00f3n general de la longevidad a trav\u00e9s de la terapia de regeneraci\u00f3n celular constante.<\/p>\n\n\n\n<h2 class=\"wp-block-heading\">Integraci\u00f3n con programas integrales de longevidad<\/h2>\n\n\n\n<p>La terapia intravenosa de NAD+ complementa otros tratamientos est\u00e9ticos y de bienestar para apoyar la longevidad integral y la mejora de la belleza. El tratamiento se integra perfectamente con los protocolos antienvejecimiento, los programas de bienestar y otros procedimientos est\u00e9ticos m\u00e9dicos. <\/p>\n<\/div><figure class=\"wp-block-media-text__media\"><img loading=\"lazy\" decoding=\"async\" width=\"960\" height=\"960\" src=\"https:\/\/avabello.com\/wp-content\/uploads\/2025\/08\/bigstock-Mother-And-Daughter-125537090-medium.jpg\" alt=\"Retrato de una hermosa madre madura y su hija abraz\u00e1ndose mirando a la c\u00e1mara y sonriendo sobre un fondo gris\" class=\"wp-image-3278 size-full\" srcset=\"https:\/\/avabello.com\/wp-content\/uploads\/2025\/08\/bigstock-Mother-And-Daughter-125537090-medium.jpg 960w, https:\/\/avabello.com\/wp-content\/uploads\/2025\/08\/bigstock-Mother-And-Daughter-125537090-medium-300x300.jpg 300w, https:\/\/avabello.com\/wp-content\/uploads\/2025\/08\/bigstock-Mother-And-Daughter-125537090-medium-768x768.jpg 768w, https:\/\/avabello.com\/wp-content\/uploads\/2025\/08\/bigstock-Mother-And-Daughter-125537090-medium-192x192.jpg 192w, https:\/\/avabello.com\/wp-content\/uploads\/2025\/08\/bigstock-Mother-And-Daughter-125537090-medium-32x32.jpg 32w\" sizes=\"auto, (max-width: 960px) 100vw, 960px\" \/><\/figure><\/div>\n\n<div class=\"bio bg-light flc-section-padding\">\n    <div class=\"container\">\n        <div class=\"row align-items-center\">\n                            <div class=\"col-md-4 mb-4 mb-md-0\">\n                    <img loading=\"lazy\" decoding=\"async\" width=\"1600\" height=\"1128\" src=\"https:\/\/avabello.com\/wp-content\/uploads\/2025\/07\/twm1-license-confirmed.jpg\" class=\"img-fluid\" alt=\"Hombre con un traje azul oscuro con los brazos cruzados, de pie frente a un fondo gris claro liso.\" srcset=\"https:\/\/avabello.com\/wp-content\/uploads\/2025\/07\/twm1-license-confirmed.jpg 1600w, https:\/\/avabello.com\/wp-content\/uploads\/2025\/07\/twm1-license-confirmed-300x212.jpg 300w, https:\/\/avabello.com\/wp-content\/uploads\/2025\/07\/twm1-license-confirmed-1024x722.jpg 1024w, https:\/\/avabello.com\/wp-content\/uploads\/2025\/07\/twm1-license-confirmed-768x541.jpg 768w, https:\/\/avabello.com\/wp-content\/uploads\/2025\/07\/twm1-license-confirmed-1536x1083.jpg 1536w\" sizes=\"auto, (max-width: 1600px) 100vw, 1600px\" \/>                <\/div>\n                        <div class=\"col-md-8 pl-md-5\">\n                                    <h2>\u00bfPor qu\u00e9 elegir al Dr. Eskenazi para la terapia intravenosa de NAD+?<\/h2>\n                \n                                    <div class=\"about-content content\">\n                        <p>El Dr. Eskenazi proporciona una experiencia excepcional para la terapia celular avanzada:<\/p>\n<ul class=\"c7 lst-kix_v42t3ajy025p-0 start wp-block-list\">\n<li class=\"c1 c8 li-bullet-0\"><strong>Cirujano pl\u00e1stico certificado<\/strong>: Formaci\u00f3n m\u00e9dica que garantiza protocolos de seguridad \u00f3ptimos y eficacia terap\u00e9utica<\/li>\n<li class=\"c1 c8 li-bullet-0\"><strong>Experiencia en medicina regenerativa:<\/strong> Comprensi\u00f3n de la biolog\u00eda celular y protocolos de regeneraci\u00f3n avanzados<\/li>\n<li class=\"c1 c8 li-bullet-0\"><strong>Formulaciones de grado m\u00e9dico<\/strong>: NAD+ de calidad farmac\u00e9utica en concentraciones terap\u00e9uticas<\/li>\n<li class=\"c1 c8 li-bullet-0\"><strong>Entorno de pr\u00e1ctica de lujo<\/strong>: Instalaciones de \u00faltima generaci\u00f3n con medidas integrales de confort y seguridad<\/li>\n<li class=\"c1 c8 li-bullet-0\"><strong>Administraci\u00f3n profesional<\/strong>: Personal m\u00e9dico experto que proporciona una administraci\u00f3n y un control cualificados de la terapia intravenosa<\/li>\n<li class=\"c1 c8 li-bullet-0\"><strong>Protocolos celulares personalizados:<\/strong> Planes de tratamiento individualizados basados en las necesidades celulares y de bienestar espec\u00edficas<\/li>\n<\/ul>\n\n                                            <\/div>\n                            <\/div>\n        <\/div>\n    <\/div>\n<\/div>\n<h2 class=\"wp-block-heading\">Experimente la terapia intravenosa de NAD+ avanzada para el antienvejecimiento en Miami Beach<\/h2>\n\n<p>\u00bfEst\u00e1 listo para descubrir los beneficios transformadores de la terapia intravenosa de NAD+ para la regeneraci\u00f3n celular, la longevidad y la mejora integral del bienestar y la belleza? <a href=\"https:\/\/avabello.com\/es\/contacto\/\" class=\"contact_anchor \"><span>Programe su consulta<\/span><\/a> con el renombrado cirujano pl\u00e1stico Dr. Eskenazi en Avabello Aesthetics en Miami Beach para experimentar c\u00f3mo la terapia avanzada de regeneraci\u00f3n celular puede optimizar su funci\u00f3n celular, mejorar su bienestar y apoyar sus objetivos de longevidad. <\/p>\n\n<p>Sirviendo a pacientes en todo Miami Beach, Aventura y Bal Harbour, este distinguido experto en bienestar m\u00e9dico proporciona terapia intravenosa de NAD+ integral para una salud celular \u00f3ptima y una mejora regenerativa.<\/p>\n","protected":false},"excerpt":{"rendered":"<p>Experimente la vanguardia de la regeneraci\u00f3n celular a trav\u00e9s de la terapia intravenosa de NAD+, el tratamiento revolucionario que restaura la funci\u00f3n celular \u00f3ptima y apoya la longevidad a nivel molecular. Las investigaciones demuestran que los niveles de NAD+ disminuyen en un 50% entre los 40 y los 60 a\u00f1os, lo que hace que esta&hellip; <a href=\"https:\/\/avabello.com\/es\/med-spa\/terapia-intravenosa\/nad\/\" class=\"btn btn-outline-primary position-absolute more-link\"> Seguir leyendo <span class=\"sr-only\"> acerca de NAD+<\/span><\/a><\/p>\n","protected":false},"author":1,"featured_media":5361,"parent":5435,"menu_order":0,"comment_status":"closed","ping_status":"closed","template":"template-fullwidth.php","meta":{"_acf_changed":false,"footnotes":""},"class_list":["post-5360","page","type-page","status-publish","has-post-thumbnail"],"acf":[],"yoast_head":"<!-- This site is optimized with the Yoast SEO plugin v27.3 - https:\/\/yoast.com\/product\/yoast-seo-wordpress\/ -->\n<title>Terapia intravenosa de NAD+ en Miami Beach, Florida | Infusi\u00f3n de energ\u00eda celular y antienvejecimiento en Aventura | Bal Harbour<\/title>\n<meta name=\"description\" content=\"Terapia intravenosa de NAD+ profesional en la lujosa consulta de Avabello. El Dr. Eskenazi proporciona regeneraci\u00f3n celular avanzada e infusi\u00f3n antienvejecimiento para el bienestar y la belleza en Miami Beach.\" \/>\n<meta name=\"robots\" content=\"index, follow, max-snippet:-1, max-image-preview:large, max-video-preview:-1\" \/>\n<link rel=\"canonical\" href=\"https:\/\/avabello.com\/es\/med-spa\/terapia-intravenosa\/nad\/\" \/>\n<meta property=\"og:locale\" content=\"es_ES\" \/>\n<meta property=\"og:type\" content=\"article\" \/>\n<meta property=\"og:title\" content=\"Terapia intravenosa de NAD+ en Miami Beach, Florida | Infusi\u00f3n de energ\u00eda celular y antienvejecimiento en Aventura | Bal Harbour\" \/>\n<meta property=\"og:description\" content=\"Terapia intravenosa de NAD+ profesional en la lujosa consulta de Avabello. El Dr. Eskenazi proporciona regeneraci\u00f3n celular avanzada e infusi\u00f3n antienvejecimiento para el bienestar y la belleza en Miami Beach.\" \/>\n<meta property=\"og:url\" content=\"https:\/\/avabello.com\/es\/med-spa\/terapia-intravenosa\/nad\/\" \/>\n<meta property=\"og:site_name\" content=\"Avabello Aesthetics\" \/>\n<meta property=\"article:modified_time\" content=\"2026-01-27T12:59:10+00:00\" \/>\n<meta property=\"og:image\" content=\"https:\/\/avabello.com\/wp-content\/uploads\/2025\/08\/shutterstock-2451193125-xxlarge.jpg\" \/><meta property=\"og:image\" content=\"https:\/\/avabello.com\/wp-content\/uploads\/2025\/08\/bigstock-Radiant-And-Glowing-Facial-Ski-439659230-xxlarge-1.jpg\" \/>\n\t<meta property=\"og:image:width\" content=\"1920\" \/>\n\t<meta property=\"og:image:height\" content=\"767\" \/>\n\t<meta property=\"og:image:type\" content=\"image\/jpeg\" \/>\n<meta name=\"twitter:card\" content=\"summary_large_image\" \/>\n<meta name=\"twitter:image\" content=\"https:\/\/avabello.com\/wp-content\/uploads\/2025\/08\/shutterstock-2451193125-xxlarge.jpg\" \/>\n<meta name=\"twitter:label1\" content=\"Tiempo de lectura\" \/>\n\t<meta name=\"twitter:data1\" content=\"6 minutos\" \/>\n<!-- \/ Yoast SEO plugin. -->","yoast_head_json":{"title":"Terapia intravenosa de NAD+ en Miami Beach, Florida | Infusi\u00f3n de energ\u00eda celular y antienvejecimiento en Aventura | Bal Harbour","description":"Terapia intravenosa de NAD+ profesional en la lujosa consulta de Avabello. El Dr. Eskenazi proporciona regeneraci\u00f3n celular avanzada e infusi\u00f3n antienvejecimiento para el bienestar y la belleza en Miami Beach.","robots":{"index":"index","follow":"follow","max-snippet":"max-snippet:-1","max-image-preview":"max-image-preview:large","max-video-preview":"max-video-preview:-1"},"canonical":"https:\/\/avabello.com\/es\/med-spa\/terapia-intravenosa\/nad\/","og_locale":"es_ES","og_type":"article","og_title":"Terapia intravenosa de NAD+ en Miami Beach, Florida | Infusi\u00f3n de energ\u00eda celular y antienvejecimiento en Aventura | Bal Harbour","og_description":"Terapia intravenosa de NAD+ profesional en la lujosa consulta de Avabello. El Dr. Eskenazi proporciona regeneraci\u00f3n celular avanzada e infusi\u00f3n antienvejecimiento para el bienestar y la belleza en Miami Beach.","og_url":"https:\/\/avabello.com\/es\/med-spa\/terapia-intravenosa\/nad\/","og_site_name":"Avabello Aesthetics","article_modified_time":"2026-01-27T12:59:10+00:00","og_image":[{"url":"https:\/\/avabello.com\/wp-content\/uploads\/2025\/08\/shutterstock-2451193125-xxlarge.jpg","type":"","width":"","height":""},{"width":1920,"height":767,"url":"https:\/\/avabello.com\/wp-content\/uploads\/2025\/08\/bigstock-Radiant-And-Glowing-Facial-Ski-439659230-xxlarge-1.jpg","type":"image\/jpeg"}],"twitter_card":"summary_large_image","twitter_image":"https:\/\/avabello.com\/wp-content\/uploads\/2025\/08\/shutterstock-2451193125-xxlarge.jpg","twitter_misc":{"Tiempo de lectura":"6 minutos"},"schema":{"@context":"https:\/\/schema.org","@graph":[{"@type":"WebPage","@id":"https:\/\/avabello.com\/es\/med-spa\/terapia-intravenosa\/nad\/","url":"https:\/\/avabello.com\/es\/med-spa\/terapia-intravenosa\/nad\/","name":"Terapia intravenosa de NAD+ en Miami Beach, Florida | Infusi\u00f3n de energ\u00eda celular y antienvejecimiento en Aventura | Bal Harbour","isPartOf":{"@id":"https:\/\/avabello.com\/es\/#website"},"primaryImageOfPage":{"@id":"https:\/\/avabello.com\/es\/med-spa\/terapia-intravenosa\/nad\/#primaryimage"},"image":{"@id":"https:\/\/avabello.com\/es\/med-spa\/terapia-intravenosa\/nad\/#primaryimage"},"thumbnailUrl":"https:\/\/avabello.com\/wp-content\/uploads\/2025\/08\/bigstock-Radiant-And-Glowing-Facial-Ski-439659230-xxlarge-1.jpg","datePublished":"2023-01-17T19:07:53+00:00","dateModified":"2026-01-27T12:59:10+00:00","description":"Terapia intravenosa de NAD+ profesional en la lujosa consulta de Avabello. El Dr. Eskenazi proporciona regeneraci\u00f3n celular avanzada e infusi\u00f3n antienvejecimiento para el bienestar y la belleza en Miami Beach.","breadcrumb":{"@id":"https:\/\/avabello.com\/es\/med-spa\/terapia-intravenosa\/nad\/#breadcrumb"},"inLanguage":"es","potentialAction":[{"@type":"ReadAction","target":["https:\/\/avabello.com\/es\/med-spa\/terapia-intravenosa\/nad\/"]}]},{"@type":"ImageObject","inLanguage":"es","@id":"https:\/\/avabello.com\/es\/med-spa\/terapia-intravenosa\/nad\/#primaryimage","url":"https:\/\/avabello.com\/wp-content\/uploads\/2025\/08\/bigstock-Radiant-And-Glowing-Facial-Ski-439659230-xxlarge-1.jpg","contentUrl":"https:\/\/avabello.com\/wp-content\/uploads\/2025\/08\/bigstock-Radiant-And-Glowing-Facial-Ski-439659230-xxlarge-1.jpg","width":1920,"height":767,"caption":"Piel facial radiante y brillante, cosm\u00e9ticos para mujeres. Hermosa modelo tocando su rostro limpio, nutrido e hidratado y sonriendo feliz, ojos azules y piel sana, fondo blanco"},{"@type":"BreadcrumbList","@id":"https:\/\/avabello.com\/es\/med-spa\/terapia-intravenosa\/nad\/#breadcrumb","itemListElement":[{"@type":"ListItem","position":1,"name":"Inicio","item":"https:\/\/avabello.com\/es\/"},{"@type":"ListItem","position":2,"name":"El principal Med Spa de Miami Beach dirigido por un m\u00e9dico","item":"https:\/\/avabello.com\/es\/med-spa\/"},{"@type":"ListItem","position":3,"name":"Terapia intravenosa","item":"https:\/\/avabello.com\/es\/med-spa\/terapia-intravenosa\/"},{"@type":"ListItem","position":4,"name":"NAD+"}]},{"@type":"WebSite","@id":"https:\/\/avabello.com\/es\/#website","url":"https:\/\/avabello.com\/es\/","name":"Avabello Aesthetics","description":"","potentialAction":[{"@type":"SearchAction","target":{"@type":"EntryPoint","urlTemplate":"https:\/\/avabello.com\/es\/?s={search_term_string}"},"query-input":{"@type":"PropertyValueSpecification","valueRequired":true,"valueName":"search_term_string"}}],"inLanguage":"es"}]}},"_links":{"self":[{"href":"https:\/\/avabello.com\/es\/wp-json\/wp\/v2\/pages\/5360","targetHints":{"allow":["GET"]}}],"collection":[{"href":"https:\/\/avabello.com\/es\/wp-json\/wp\/v2\/pages"}],"about":[{"href":"https:\/\/avabello.com\/es\/wp-json\/wp\/v2\/types\/page"}],"author":[{"embeddable":true,"href":"https:\/\/avabello.com\/es\/wp-json\/wp\/v2\/users\/1"}],"replies":[{"embeddable":true,"href":"https:\/\/avabello.com\/es\/wp-json\/wp\/v2\/comments?post=5360"}],"version-history":[{"count":6,"href":"https:\/\/avabello.com\/es\/wp-json\/wp\/v2\/pages\/5360\/revisions"}],"predecessor-version":[{"id":6054,"href":"https:\/\/avabello.com\/es\/wp-json\/wp\/v2\/pages\/5360\/revisions\/6054"}],"up":[{"embeddable":true,"href":"https:\/\/avabello.com\/es\/wp-json\/wp\/v2\/pages\/5435"}],"wp:featuredmedia":[{"embeddable":true,"href":"https:\/\/avabello.com\/es\/wp-json\/wp\/v2\/media\/5361"}],"wp:attachment":[{"href":"https:\/\/avabello.com\/es\/wp-json\/wp\/v2\/media?parent=5360"}],"curies":[{"name":"wp","href":"https:\/\/api.w.org\/{rel}","templated":true}]}}